{"id":35140,"date":"2025-05-23T00:59:33","date_gmt":"2025-05-23T00:59:33","guid":{"rendered":"https:\/\/www.esencialcostarica.com\/agenda-tu-cita\/"},"modified":"2026-01-27T15:58:52","modified_gmt":"2026-01-27T15:58:52","slug":"schedule-your-appointment","status":"publish","type":"page","link":"https:\/\/www.esencialcostarica.com\/en\/schedule-your-appointment\/","title":{"rendered":"Schedule your appointment"},"content":{"rendered":"\t\t<div data-elementor-type=\"wp-page\" data-elementor-id=\"35140\" class=\"elementor elementor-35140 elementor-32457\" data-elementor-post-type=\"page\">\n\t\t\t\t<div class=\"elementor-element elementor-element-bf5a732 e-con-full animated-slow e-flex elementor-invisible e-con e-parent\" data-id=\"bf5a732\" data-element_type=\"container\" data-settings=\"{&quot;background_background&quot;:&quot;classic&quot;,&quot;animation&quot;:&quot;fadeIn&quot;}\">\n\t\t\t\t<div class=\"elementor-element elementor-element-6c181b8 elementor-widget__width-inherit elementor-widget elementor-widget-heading\" data-id=\"6c181b8\" data-element_type=\"widget\" data-widget_type=\"heading.default\">\n\t\t\t\t<div class=\"elementor-widget-container\">\n\t\t\t\t\t<h2 class=\"elementor-heading-title elementor-size-default\">Schedule your appointment<\/h2>\t\t\t\t<\/div>\n\t\t\t\t<\/div>\n\t\t\t\t<\/div>\n\t\t<div class=\"elementor-element elementor-element-52d8403 e-flex e-con-boxed e-con e-parent\" data-id=\"52d8403\" data-element_type=\"container\">\n\t\t\t\t\t<div class=\"e-con-inner\">\n\t\t\t\t<div class=\"elementor-element elementor-element-5f58798 elementor-widget elementor-widget-html\" data-id=\"5f58798\" data-element_type=\"widget\" data-widget_type=\"html.default\">\n\t\t\t\t<div class=\"elementor-widget-container\">\n\t\t\t\t\t<!-- Cal inline embed code begins -->\n<div style=\"width:100%;height:100%;overflow:scroll\" id=\"my-cal-inline-licenciamiento-en\"><\/div>\n<script type=\"text\/javascript\">\n  (function (C, A, L) { let p = function (a, ar) { a.q.push(ar); }; let d = C.document; C.Cal = C.Cal || function () { let cal = C.Cal; let ar = arguments; if (!cal.loaded) { cal.ns = {}; cal.q = cal.q || []; d.head.appendChild(d.createElement(\"script\")).src = A; cal.loaded = true; } if (ar[0] === L) { const api = function () { p(api, arguments); }; const namespace = ar[1]; api.q = api.q || []; if(typeof namespace === \"string\"){cal.ns[namespace] = cal.ns[namespace] || api;p(cal.ns[namespace], ar);p(cal, [\"initNamespace\", namespace]);} else p(cal, ar); return;} p(cal, ar); }; })(window, \"https:\/\/app.cal.com\/embed\/embed.js\", \"init\");\nCal(\"init\", \"licenciamiento-en\", {origin:\"https:\/\/app.cal.com\"});\n\n  Cal.ns[\"licenciamiento-en\"](\"inline\", {\n  elementOrSelector:\"#my-cal-inline-licenciamiento-en\",\n  \/\/ Incluye el locale en el config de 'inline'\n config: {\"layout\":\"month_view\", \"locale\": \"en\"}, \n calLink: \"procomer\/licenciamiento-en\", \n});\n\nCal.ns[\"licenciamiento-en\"](\"ui\", {\n      \/\/ Incluye el locale tambi\u00e9n en el config de 'ui'\n      \"locale\": \"en\", \n      \"cssVarsPerTheme\":{\"light\":{\"cal-brand\":\"#008446\"},\"dark\":{\"cal-brand\":\"#fafafa\"}},\n      \"hideEventTypeDetails\":false,\"layout\":\"month_view\"\n  });\n<\/script>\t\t\t\t<\/div>\n\t\t\t\t<\/div>\n\t\t\t\t\t<\/div>\n\t\t\t\t<\/div>\n\t\t<div class=\"elementor-element elementor-element-8d37f08 e-grid e-con-boxed e-con e-parent\" data-id=\"8d37f08\" data-element_type=\"container\">\n\t\t\t\t\t<div class=\"e-con-inner\">\n\t\t<div class=\"elementor-element elementor-element-eff8a7d e-con-full e-flex e-con e-child\" data-id=\"eff8a7d\" data-element_type=\"container\">\n\t\t\t\t<div class=\"elementor-element elementor-element-445c7eb elementor-widget__width-inherit elementor-widget elementor-widget-qi_addons_for_elementor_animated_text\" data-id=\"445c7eb\" data-element_type=\"widget\" data-widget_type=\"qi_addons_for_elementor_animated_text.default\">\n\t\t\t\t<div class=\"elementor-widget-container\">\n\t\t\t\t\t<div class=\"qodef-shortcode qodef-m qodef-qi-animated-text qodef--alignment-center\" >\n\t\t<h2 class=\"qodef-m-title\">\n\t\t<br>News\t<\/h2>\n<\/div>\n\t\t\t\t<\/div>\n\t\t\t\t<\/div>\n\t\t\t\t<div class=\"elementor-element elementor-element-1e0af35 elementor-widget__width-initial elementor-widget elementor-widget-text-editor\" data-id=\"1e0af35\" data-element_type=\"widget\" data-widget_type=\"text-editor.default\">\n\t\t\t\t<div class=\"elementor-widget-container\">\n\t\t\t\t\t\t\t\t\t<p><span style=\"font-weight: 400;\">Discover recent articles highlighting Costa Rica&#8217;s achievements, innovations, and international recognition. Each news item reinforces Costa Rica&#8217;s positive image, showcasing constant progress and building trust among<\/span> <a href=\"https:\/\/www.esencialcostarica.com\/en\/community\/\">investors, tourists, and strategic partners<\/a>\u00a0interested in learning more about the <a href=\"https:\/\/www.esencialcostarica.com\/en\/who-we-are\/\">country brand<\/a>.<\/p>\t\t\t\t\t\t\t\t<\/div>\n\t\t\t\t<\/div>\n\t\t\t\t<div class=\"elementor-element elementor-element-8b09942 elementor-widget__width-auto animated-slow elementor-invisible elementor-widget elementor-widget-qi_addons_for_elementor_button\" data-id=\"8b09942\" data-element_type=\"widget\" data-settings=\"{&quot;_animation&quot;:&quot;fadeInUp&quot;,&quot;_animation_delay&quot;:&quot;200&quot;}\" data-widget_type=\"qi_addons_for_elementor_button.default\">\n\t\t\t\t<div class=\"elementor-widget-container\">\n\t\t\t\t\t<a class=\"qodef-shortcode qodef-m qodef-qi-button qodef-html--link qodef-layout--outlined qodef-type--icon-boxed qodef-icon--right qodef-hover--icon-move-horizontal-short qodef-text-underline qodef-underline--left\" href=\"https:\/\/www.esencialcostarica.com\/en\/news\/\" target=\"_self\">\n\t<span class=\"qodef-m-text\">View news<\/span>\n\t\t<span class=\"qodef-m-icon\">\n\t\t<span class=\"qodef-m-icon-inner\">\n\t\t\t<svg xmlns=\"http:\/\/www.w3.org\/2000\/svg\" x=\"0px\" y=\"0px\" width=\"7px\" height=\"7px\" viewBox=\"1.25 1.25 7 7\" xml:space=\"preserve\"><polygon fill=\"#ffffff\" points=\"1.25,1.25 1.25,2.25 6.543,2.25 1.25,7.543 1.958,8.25 7.25,2.957 7.25,8.25 8.25,8.25 8.25,1.25 8.25,1.25 \"><\/polygon><\/svg>\t\t\t\t\t<\/span>\n\t<\/span>\n<\/a>\n\t\t\t\t<\/div>\n\t\t\t\t<\/div>\n\t\t\t\t<\/div>\n\t\t<div class=\"elementor-element elementor-element-68c79bd e-con-full e-flex e-con e-child\" data-id=\"68c79bd\" data-element_type=\"container\">\n\t\t\t\t<div class=\"elementor-element elementor-element-a898ec6 elementor-widget__width-inherit elementor-widget elementor-widget-qi_addons_for_elementor_animated_text\" data-id=\"a898ec6\" data-element_type=\"widget\" data-widget_type=\"qi_addons_for_elementor_animated_text.default\">\n\t\t\t\t<div class=\"elementor-widget-container\">\n\t\t\t\t\t<div class=\"qodef-shortcode qodef-m qodef-qi-animated-text qodef--alignment-center\" >\n\t\t<h2 class=\"qodef-m-title\">\n\t\t<br>Licensing <br>Process\t<\/h2>\n<\/div>\n\t\t\t\t<\/div>\n\t\t\t\t<\/div>\n\t\t\t\t<div class=\"elementor-element elementor-element-3d9d940 elementor-widget__width-initial elementor-widget elementor-widget-text-editor\" data-id=\"3d9d940\" data-element_type=\"widget\" data-widget_type=\"text-editor.default\">\n\t\t\t\t<div class=\"elementor-widget-container\">\n\t\t\t\t\t\t\t\t\t<p>Learn the step-by-step process for companies and projects to <a href=\"https:\/\/www.esencialcostarica.com\/en\/ready-to-be-essential\/\">obtain the official country brand license<\/a>. This section details the sustainability, innovation, and excellence requirements that distinguish those who are part of the network. More than just a formality, it is a practical guide that makes the site a strategic ally for organizations that want to differentiate themselves through quality, environmental commitment, and professionalism.<\/p>\t\t\t\t\t\t\t\t<\/div>\n\t\t\t\t<\/div>\n\t\t\t\t<div class=\"elementor-element elementor-element-556ff78 elementor-widget__width-auto animated-slow elementor-invisible elementor-widget elementor-widget-qi_addons_for_elementor_button\" data-id=\"556ff78\" data-element_type=\"widget\" data-settings=\"{&quot;_animation&quot;:&quot;fadeInUp&quot;,&quot;_animation_delay&quot;:&quot;200&quot;}\" data-widget_type=\"qi_addons_for_elementor_button.default\">\n\t\t\t\t<div class=\"elementor-widget-container\">\n\t\t\t\t\t<a class=\"qodef-shortcode qodef-m qodef-qi-button qodef-html--link qodef-layout--outlined qodef-type--icon-boxed qodef-icon--right qodef-hover--icon-move-horizontal-short qodef-text-underline qodef-underline--left\" href=\"https:\/\/www.esencialcostarica.com\/en\/why-use-essential\/\" target=\"_self\">\n\t<span class=\"qodef-m-text\">Begin Process<\/span>\n\t\t<span class=\"qodef-m-icon\">\n\t\t<span class=\"qodef-m-icon-inner\">\n\t\t\t<svg xmlns=\"http:\/\/www.w3.org\/2000\/svg\" x=\"0px\" y=\"0px\" width=\"7px\" height=\"7px\" viewBox=\"1.25 1.25 7 7\" xml:space=\"preserve\"><polygon fill=\"#ffffff\" points=\"1.25,1.25 1.25,2.25 6.543,2.25 1.25,7.543 1.958,8.25 7.25,2.957 7.25,8.25 8.25,8.25 8.25,1.25 8.25,1.25 \"><\/polygon><\/svg>\t\t\t\t\t<\/span>\n\t<\/span>\n<\/a>\n\t\t\t\t<\/div>\n\t\t\t\t<\/div>\n\t\t\t\t<\/div>\n\t\t<div class=\"elementor-element elementor-element-3cc9b84 e-con-full e-flex e-con e-child\" data-id=\"3cc9b84\" data-element_type=\"container\">\n\t\t\t\t<div class=\"elementor-element elementor-element-fe43dbc elementor-widget__width-inherit elementor-widget elementor-widget-qi_addons_for_elementor_animated_text\" data-id=\"fe43dbc\" data-element_type=\"widget\" data-widget_type=\"qi_addons_for_elementor_animated_text.default\">\n\t\t\t\t<div class=\"elementor-widget-container\">\n\t\t\t\t\t<div class=\"qodef-shortcode qodef-m qodef-qi-animated-text qodef--alignment-center\" >\n\t\t<h2 class=\"qodef-m-title\">\n\t\t<br>Values\t<\/h2>\n<\/div>\n\t\t\t\t<\/div>\n\t\t\t\t<\/div>\n\t\t\t\t<div class=\"elementor-element elementor-element-1ff9a7f elementor-widget__width-initial elementor-widget elementor-widget-text-editor\" data-id=\"1ff9a7f\" data-element_type=\"widget\" data-widget_type=\"text-editor.default\">\n\t\t\t\t<div class=\"elementor-widget-container\">\n\t\t\t\t\t\t\t\t\t<p>Explore the principles that define Costa Rica and support its vision as a nation. These principles include <a href=\"https:\/\/www.esencialcostarica.com\/en\/natural-intelligence\/\">environmental sustainability<\/a>, respect for natural resources, skilled human talent, and creativity, all of which reflect the country&#8217;s commitment to balanced and responsible development, instilling confidence in investors, visitors, and international partners seeking to engage with an authentic, innovative, and visionary nation.<\/p>\t\t\t\t\t\t\t\t<\/div>\n\t\t\t\t<\/div>\n\t\t\t\t<div class=\"elementor-element elementor-element-a943918 elementor-widget__width-auto animated-slow elementor-invisible elementor-widget elementor-widget-qi_addons_for_elementor_button\" data-id=\"a943918\" data-element_type=\"widget\" data-settings=\"{&quot;_animation&quot;:&quot;fadeInUp&quot;,&quot;_animation_delay&quot;:&quot;200&quot;}\" data-widget_type=\"qi_addons_for_elementor_button.default\">\n\t\t\t\t<div class=\"elementor-widget-container\">\n\t\t\t\t\t<a class=\"qodef-shortcode qodef-m qodef-qi-button qodef-html--link qodef-layout--outlined qodef-type--icon-boxed qodef-icon--right qodef-hover--icon-move-horizontal-short qodef-text-underline qodef-underline--left\" href=\"https:\/\/www.esencialcostarica.com\/en\/our-values\/\" target=\"_self\">\n\t<span class=\"qodef-m-text\">View values<\/span>\n\t\t<span class=\"qodef-m-icon\">\n\t\t<span class=\"qodef-m-icon-inner\">\n\t\t\t<svg xmlns=\"http:\/\/www.w3.org\/2000\/svg\" x=\"0px\" y=\"0px\" width=\"7px\" height=\"7px\" viewBox=\"1.25 1.25 7 7\" xml:space=\"preserve\"><polygon fill=\"#ffffff\" points=\"1.25,1.25 1.25,2.25 6.543,2.25 1.25,7.543 1.958,8.25 7.25,2.957 7.25,8.25 8.25,8.25 8.25,1.25 8.25,1.25 \"><\/polygon><\/svg>\t\t\t\t\t<\/span>\n\t<\/span>\n<\/a>\n\t\t\t\t<\/div>\n\t\t\t\t<\/div>\n\t\t\t\t<\/div>\n\t\t\t\t\t<\/div>\n\t\t\t\t<\/div>\n\t\t<div class=\"elementor-element elementor-element-7e120d3 animated-slow e-flex e-con-boxed elementor-invisible e-con e-parent\" data-id=\"7e120d3\" data-element_type=\"container\" data-settings=\"{&quot;background_background&quot;:&quot;classic&quot;,&quot;animation&quot;:&quot;fadeIn&quot;}\">\n\t\t\t\t\t<div class=\"e-con-inner\">\n\t\t\t\t<div class=\"elementor-element elementor-element-08ddcca animated-slow elementor-invisible elementor-widget elementor-widget-qi_addons_for_elementor_typeout_text\" data-id=\"08ddcca\" data-element_type=\"widget\" data-settings=\"{&quot;_animation&quot;:&quot;fadeInUp&quot;}\" data-widget_type=\"qi_addons_for_elementor_typeout_text.default\">\n\t\t\t\t<div class=\"elementor-widget-container\">\n\t\t\t\t\t<div class=\"qodef-shortcode qodef-m qodef-qi-typeout-text\" data-strings=\"[&quot;&quot;]\">\n\t<h1 class=\"qodef-m-text\">\n\t\t\t\t\tNot sure if you're ready to be essential COSTA RICA?\t\t\t\t<span class=\"qodef-typeout-holder\">\n\t\t\t<span class=\"qodef-typeout\"><\/span>\n\t\t<\/span>\n\t<\/h1>\n<\/div>\n\t\t\t\t<\/div>\n\t\t\t\t<\/div>\n\t\t\t\t<div class=\"elementor-element elementor-element-eaaeb8d elementor-widget__width-auto animated-slow elementor-invisible elementor-widget elementor-widget-qi_addons_for_elementor_button\" data-id=\"eaaeb8d\" data-element_type=\"widget\" data-settings=\"{&quot;_animation&quot;:&quot;fadeInUp&quot;,&quot;_animation_delay&quot;:&quot;200&quot;}\" data-widget_type=\"qi_addons_for_elementor_button.default\">\n\t\t\t\t<div class=\"elementor-widget-container\">\n\t\t\t\t\t<a class=\"qodef-shortcode qodef-m qodef-qi-button qodef-html--link qodef-layout--outlined qodef-type--icon-boxed qodef-icon--right qodef-hover--icon-move-horizontal-short qodef-text-underline qodef-underline--left\" href=\"https:\/\/login.esencialcostarica.com\/\" target=\"_blank\">\n\t<span class=\"qodef-m-text\">See the steps to apply<\/span>\n\t\t<span class=\"qodef-m-icon\">\n\t\t<span class=\"qodef-m-icon-inner\">\n\t\t\t<svg xmlns=\"http:\/\/www.w3.org\/2000\/svg\" x=\"0px\" y=\"0px\" width=\"7px\" height=\"7px\" viewBox=\"1.25 1.25 7 7\" xml:space=\"preserve\"><polygon fill=\"#ffffff\" points=\"1.25,1.25 1.25,2.25 6.543,2.25 1.25,7.543 1.958,8.25 7.25,2.957 7.25,8.25 8.25,8.25 8.25,1.25 8.25,1.25 \"><\/polygon><\/svg>\t\t\t\t\t<\/span>\n\t<\/span>\n<\/a>\n\t\t\t\t<\/div>\n\t\t\t\t<\/div>\n\t\t\t\t\t<\/div>\n\t\t\t\t<\/div>\n\t\t\t\t<\/div>\n\t\t","protected":false},"excerpt":{"rendered":"<p>Schedule your appointment News Discover recent articles highlighting Costa Rica&#8217;s achievements, innovations, and international recognition. Each news item reinforces Costa Rica&#8217;s positive image, showcasing constant progress and building trust among investors, tourists, and strategic partners\u00a0interested in learning more about the country brand. View news Licensing Process Learn the step-by-step process for companies and projects to obtain the official country brand license. This section details the&#8230; <\/p>\n<p class=\"more\"><a class=\"more-link\" href=\"https:\/\/www.esencialcostarica.com\/en\/schedule-your-appointment\/\">Read More<\/a><\/p>\n","protected":false},"author":1,"featured_media":0,"parent":0,"menu_order":0,"comment_status":"closed","ping_status":"closed","template":"elementor_header_footer","meta":{"_acf_changed":false,"inline_featured_image":false,"footnotes":""},"class_list":["post-35140","page","type-page","status-publish","hentry","is-cat-link-borders-light is-cat-link-rounded"],"acf":[],"yoast_head":"<!-- This site is optimized with the Yoast SEO plugin v26.6 - https:\/\/yoast.com\/wordpress\/plugins\/seo\/ -->\n<title>Schedule your appointment - Essential Costa Rica<\/title>\n<meta name=\"description\" content=\"Agenda tu cita con esencial Costa Rica y comenz\u00e1 el proceso para obtener la licencia Marca Pa\u00eds. Impuls\u00e1 tu empresa con nuestros valores esenciales.\" \/>\n<meta name=\"robots\" content=\"index, follow, max-snippet:-1, max-image-preview:large, max-video-preview:-1\" \/>\n<link rel=\"canonical\" href=\"https:\/\/www.esencialcostarica.com\/agenda-tu-cita\/\" \/>\n<meta property=\"og:locale\" content=\"en_US\" \/>\n<meta property=\"og:type\" content=\"article\" \/>\n<meta property=\"og:title\" content=\"Schedule your appointment - Essential Costa Rica\" \/>\n<meta property=\"og:description\" content=\"Agenda tu cita con esencial Costa Rica y comenz\u00e1 el proceso para obtener la licencia Marca Pa\u00eds. Impuls\u00e1 tu empresa con nuestros valores esenciales.\" \/>\n<meta property=\"og:url\" content=\"https:\/\/www.esencialcostarica.com\/agenda-tu-cita\/\" \/>\n<meta property=\"og:site_name\" content=\"Essential Costa Rica\" \/>\n<meta property=\"article:modified_time\" content=\"2026-01-27T15:58:52+00:00\" \/>\n<meta name=\"twitter:card\" content=\"summary_large_image\" \/>\n<meta name=\"twitter:label1\" content=\"Est. reading time\" \/>\n\t<meta name=\"twitter:data1\" content=\"1 minute\" \/>\n<script type=\"application\/ld+json\" class=\"yoast-schema-graph\">{\"@context\":\"https:\/\/schema.org\",\"@graph\":[{\"@type\":\"WebPage\",\"@id\":\"https:\/\/www.esencialcostarica.com\/agenda-tu-cita\/\",\"url\":\"https:\/\/www.esencialcostarica.com\/agenda-tu-cita\/\",\"name\":\"Schedule your appointment - Essential Costa Rica\",\"isPartOf\":{\"@id\":\"https:\/\/www.esencialcostarica.com\/#website\"},\"datePublished\":\"2025-05-23T00:59:33+00:00\",\"dateModified\":\"2026-01-27T15:58:52+00:00\",\"description\":\"Agenda tu cita con esencial Costa Rica y comenz\u00e1 el proceso para obtener la licencia Marca Pa\u00eds. Impuls\u00e1 tu empresa con nuestros valores esenciales.\",\"breadcrumb\":{\"@id\":\"https:\/\/www.esencialcostarica.com\/agenda-tu-cita\/#breadcrumb\"},\"inLanguage\":\"en-US\",\"potentialAction\":[{\"@type\":\"ReadAction\",\"target\":[\"https:\/\/www.esencialcostarica.com\/agenda-tu-cita\/\"]}]},{\"@type\":\"BreadcrumbList\",\"@id\":\"https:\/\/www.esencialcostarica.com\/agenda-tu-cita\/#breadcrumb\",\"itemListElement\":[{\"@type\":\"ListItem\",\"position\":1,\"name\":\"Portada\",\"item\":\"https:\/\/www.esencialcostarica.com\/\"},{\"@type\":\"ListItem\",\"position\":2,\"name\":\"Schedule your appointment\"}]},{\"@type\":\"WebSite\",\"@id\":\"https:\/\/www.esencialcostarica.com\/#website\",\"url\":\"https:\/\/www.esencialcostarica.com\/\",\"name\":\"Essential Costa Rica\",\"description\":\"\",\"potentialAction\":[{\"@type\":\"SearchAction\",\"target\":{\"@type\":\"EntryPoint\",\"urlTemplate\":\"https:\/\/www.esencialcostarica.com\/?s={search_term_string}\"},\"query-input\":{\"@type\":\"PropertyValueSpecification\",\"valueRequired\":true,\"valueName\":\"search_term_string\"}}],\"inLanguage\":\"en-US\"}]}<\/script>\n<!-- \/ Yoast SEO plugin. -->","yoast_head_json":{"title":"Schedule your appointment - Essential Costa Rica","description":"Agenda tu cita con esencial Costa Rica y comenz\u00e1 el proceso para obtener la licencia Marca Pa\u00eds. Impuls\u00e1 tu empresa con nuestros valores esenciales.","robots":{"index":"index","follow":"follow","max-snippet":"max-snippet:-1","max-image-preview":"max-image-preview:large","max-video-preview":"max-video-preview:-1"},"canonical":"https:\/\/www.esencialcostarica.com\/agenda-tu-cita\/","og_locale":"en_US","og_type":"article","og_title":"Schedule your appointment - Essential Costa Rica","og_description":"Agenda tu cita con esencial Costa Rica y comenz\u00e1 el proceso para obtener la licencia Marca Pa\u00eds. Impuls\u00e1 tu empresa con nuestros valores esenciales.","og_url":"https:\/\/www.esencialcostarica.com\/agenda-tu-cita\/","og_site_name":"Essential Costa Rica","article_modified_time":"2026-01-27T15:58:52+00:00","twitter_card":"summary_large_image","twitter_misc":{"Est. reading time":"1 minute"},"schema":{"@context":"https:\/\/schema.org","@graph":[{"@type":"WebPage","@id":"https:\/\/www.esencialcostarica.com\/agenda-tu-cita\/","url":"https:\/\/www.esencialcostarica.com\/agenda-tu-cita\/","name":"Schedule your appointment - Essential Costa Rica","isPartOf":{"@id":"https:\/\/www.esencialcostarica.com\/#website"},"datePublished":"2025-05-23T00:59:33+00:00","dateModified":"2026-01-27T15:58:52+00:00","description":"Agenda tu cita con esencial Costa Rica y comenz\u00e1 el proceso para obtener la licencia Marca Pa\u00eds. Impuls\u00e1 tu empresa con nuestros valores esenciales.","breadcrumb":{"@id":"https:\/\/www.esencialcostarica.com\/agenda-tu-cita\/#breadcrumb"},"inLanguage":"en-US","potentialAction":[{"@type":"ReadAction","target":["https:\/\/www.esencialcostarica.com\/agenda-tu-cita\/"]}]},{"@type":"BreadcrumbList","@id":"https:\/\/www.esencialcostarica.com\/agenda-tu-cita\/#breadcrumb","itemListElement":[{"@type":"ListItem","position":1,"name":"Portada","item":"https:\/\/www.esencialcostarica.com\/"},{"@type":"ListItem","position":2,"name":"Schedule your appointment"}]},{"@type":"WebSite","@id":"https:\/\/www.esencialcostarica.com\/#website","url":"https:\/\/www.esencialcostarica.com\/","name":"Essential Costa Rica","description":"","potentialAction":[{"@type":"SearchAction","target":{"@type":"EntryPoint","urlTemplate":"https:\/\/www.esencialcostarica.com\/?s={search_term_string}"},"query-input":{"@type":"PropertyValueSpecification","valueRequired":true,"valueName":"search_term_string"}}],"inLanguage":"en-US"}]}},"_links":{"self":[{"href":"https:\/\/www.esencialcostarica.com\/en\/wp-json\/wp\/v2\/pages\/35140","targetHints":{"allow":["GET"]}}],"collection":[{"href":"https:\/\/www.esencialcostarica.com\/en\/wp-json\/wp\/v2\/pages"}],"about":[{"href":"https:\/\/www.esencialcostarica.com\/en\/wp-json\/wp\/v2\/types\/page"}],"author":[{"embeddable":true,"href":"https:\/\/www.esencialcostarica.com\/en\/wp-json\/wp\/v2\/users\/1"}],"replies":[{"embeddable":true,"href":"https:\/\/www.esencialcostarica.com\/en\/wp-json\/wp\/v2\/comments?post=35140"}],"version-history":[{"count":37,"href":"https:\/\/www.esencialcostarica.com\/en\/wp-json\/wp\/v2\/pages\/35140\/revisions"}],"predecessor-version":[{"id":35701,"href":"https:\/\/www.esencialcostarica.com\/en\/wp-json\/wp\/v2\/pages\/35140\/revisions\/35701"}],"wp:attachment":[{"href":"https:\/\/www.esencialcostarica.com\/en\/wp-json\/wp\/v2\/media?parent=35140"}],"curies":[{"name":"wp","href":"https:\/\/api.w.org\/{rel}","templated":true}]}}